{"id":1281,"date":"2019-08-22T13:36:49","date_gmt":"2019-08-22T11:36:49","guid":{"rendered":"https:\/\/madrid.hammamalandalus.com\/eres-otono\/"},"modified":"2020-10-06T13:11:39","modified_gmt":"2020-10-06T11:11:39","slug":"eres-otono","status":"publish","type":"page","link":"https:\/\/madrid.hammamalandalus.com\/fr\/eres-otono\/","title":{"rendered":"Vous \u00eates l&rsquo;automne"},"content":{"rendered":"","protected":false},"excerpt":{"rendered":"","protected":false},"author":1,"featured_media":13251,"parent":0,"menu_order":22,"comment_status":"closed","ping_status":"closed","template":"views\/template-blocks.blade.php","meta":{"_acf_changed":false,"footnotes":""},"class_list":["post-1281","page","type-page","status-publish","has-post-thumbnail","hentry"],"acf":[],"yoast_head":"<!-- This site is optimized with the Yoast SEO plugin v27.5 - https:\/\/yoast.com\/product\/yoast-seo-wordpress\/ -->\n<title>Vous \u00eates l&#039;automne | Hammam Madrid Plaza Mayor<\/title>\n<meta name=\"description\" content=\"Hay un viaje para el que no es necesario preparar, sino parar para desprendernos de lo que nos sobra: del tiempo, del ruido, y oto\u00f1o es su primera estaci\u00f3n.\" \/>\n<meta name=\"robots\" content=\"index, follow, max-snippet:-1, max-image-preview:large, max-video-preview:-1\" \/>\n<link rel=\"canonical\" href=\"https:\/\/madrid.hammamalandalus.com\/fr\/eres-otono\/\" \/>\n<meta property=\"og:locale\" content=\"fr_FR\" \/>\n<meta property=\"og:type\" content=\"article\" \/>\n<meta property=\"og:title\" content=\"Vous \u00eates l&#039;automne | Hammam Madrid Plaza Mayor\" \/>\n<meta property=\"og:description\" content=\"Hay un viaje para el que no es necesario preparar, sino parar para desprendernos de lo que nos sobra: del tiempo, del ruido, y oto\u00f1o es su primera estaci\u00f3n.\" \/>\n<meta property=\"og:url\" content=\"https:\/\/madrid.hammamalandalus.com\/fr\/eres-otono\/\" \/>\n<meta property=\"og:site_name\" content=\"Hammam Madrid Plaza Mayor\" \/>\n<meta property=\"article:modified_time\" content=\"2020-10-06T11:11:39+00:00\" \/>\n<meta name=\"twitter:card\" content=\"summary_large_image\" \/>\n<script type=\"application\/ld+json\" class=\"yoast-schema-graph\">{\"@context\":\"https:\\\/\\\/schema.org\",\"@graph\":[{\"@type\":\"WebPage\",\"@id\":\"https:\\\/\\\/madrid.hammamalandalus.com\\\/fr\\\/eres-otono\\\/\",\"url\":\"https:\\\/\\\/madrid.hammamalandalus.com\\\/fr\\\/eres-otono\\\/\",\"name\":\"Vous \u00eates l'automne | Hammam Madrid Plaza Mayor\",\"isPartOf\":{\"@id\":\"https:\\\/\\\/madrid.hammamalandalus.com\\\/fr\\\/#website\"},\"primaryImageOfPage\":{\"@id\":\"https:\\\/\\\/madrid.hammamalandalus.com\\\/fr\\\/eres-otono\\\/#primaryimage\"},\"image\":{\"@id\":\"https:\\\/\\\/madrid.hammamalandalus.com\\\/fr\\\/eres-otono\\\/#primaryimage\"},\"thumbnailUrl\":\"https:\\\/\\\/madrid.hammamalandalus.com\\\/wp-content\\\/uploads\\\/sites\\\/5\\\/2025\\\/09\\\/HAA_OTONO25_WEB_1920x1135px_emerge-estacional.jpg\",\"datePublished\":\"2019-08-22T11:36:49+00:00\",\"dateModified\":\"2020-10-06T11:11:39+00:00\",\"description\":\"Hay un viaje para el que no es necesario preparar, sino parar para desprendernos de lo que nos sobra: del tiempo, del ruido, y oto\u00f1o es su primera estaci\u00f3n.\",\"breadcrumb\":{\"@id\":\"https:\\\/\\\/madrid.hammamalandalus.com\\\/fr\\\/eres-otono\\\/#breadcrumb\"},\"inLanguage\":\"fr-FR\",\"potentialAction\":[{\"@type\":\"ReadAction\",\"target\":[\"https:\\\/\\\/madrid.hammamalandalus.com\\\/fr\\\/eres-otono\\\/\"]}]},{\"@type\":\"ImageObject\",\"inLanguage\":\"fr-FR\",\"@id\":\"https:\\\/\\\/madrid.hammamalandalus.com\\\/fr\\\/eres-otono\\\/#primaryimage\",\"url\":\"https:\\\/\\\/madrid.hammamalandalus.com\\\/wp-content\\\/uploads\\\/sites\\\/5\\\/2025\\\/09\\\/HAA_OTONO25_WEB_1920x1135px_emerge-estacional.jpg\",\"contentUrl\":\"https:\\\/\\\/madrid.hammamalandalus.com\\\/wp-content\\\/uploads\\\/sites\\\/5\\\/2025\\\/09\\\/HAA_OTONO25_WEB_1920x1135px_emerge-estacional.jpg\",\"width\":1920,\"height\":1135,\"caption\":\"Emerge estacional de oto\u00f1o. Ba\u00f1o \u00e1rabe\"},{\"@type\":\"BreadcrumbList\",\"@id\":\"https:\\\/\\\/madrid.hammamalandalus.com\\\/fr\\\/eres-otono\\\/#breadcrumb\",\"itemListElement\":[{\"@type\":\"ListItem\",\"position\":1,\"name\":\"Portada\",\"item\":\"https:\\\/\\\/madrid.hammamalandalus.com\\\/fr\\\/\"},{\"@type\":\"ListItem\",\"position\":2,\"name\":\"Vous \u00eates l&rsquo;automne\"}]},{\"@type\":\"WebSite\",\"@id\":\"https:\\\/\\\/madrid.hammamalandalus.com\\\/fr\\\/#website\",\"url\":\"https:\\\/\\\/madrid.hammamalandalus.com\\\/fr\\\/\",\"name\":\"Hammam Madrid\",\"description\":\"Hammam Al \u00c1ndalus Madrid Plaza Mayor\",\"publisher\":{\"@id\":\"https:\\\/\\\/madrid.hammamalandalus.com\\\/fr\\\/#organization\"},\"alternateName\":\"Hammam\",\"potentialAction\":[{\"@type\":\"SearchAction\",\"target\":{\"@type\":\"EntryPoint\",\"urlTemplate\":\"https:\\\/\\\/madrid.hammamalandalus.com\\\/fr\\\/?s={search_term_string}\"},\"query-input\":{\"@type\":\"PropertyValueSpecification\",\"valueRequired\":true,\"valueName\":\"search_term_string\"}}],\"inLanguage\":\"fr-FR\"},{\"@type\":\"Organization\",\"@id\":\"https:\\\/\\\/madrid.hammamalandalus.com\\\/fr\\\/#organization\",\"name\":\"Hammam Madrid\",\"alternateName\":\"Hammam\",\"url\":\"https:\\\/\\\/madrid.hammamalandalus.com\\\/fr\\\/\",\"logo\":{\"@type\":\"ImageObject\",\"inLanguage\":\"fr-FR\",\"@id\":\"https:\\\/\\\/madrid.hammamalandalus.com\\\/fr\\\/#\\\/schema\\\/logo\\\/image\\\/\",\"url\":\"https:\\\/\\\/madrid.hammamalandalus.com\\\/wp-content\\\/uploads\\\/sites\\\/5\\\/2019\\\/08\\\/hammam-al-andalus.png\",\"contentUrl\":\"https:\\\/\\\/madrid.hammamalandalus.com\\\/wp-content\\\/uploads\\\/sites\\\/5\\\/2019\\\/08\\\/hammam-al-andalus.png\",\"width\":79,\"height\":79,\"caption\":\"Hammam Madrid\"},\"image\":{\"@id\":\"https:\\\/\\\/madrid.hammamalandalus.com\\\/fr\\\/#\\\/schema\\\/logo\\\/image\\\/\"}}]}<\/script>\n<!-- \/ Yoast SEO plugin. -->","yoast_head_json":{"title":"Vous \u00eates l'automne | Hammam Madrid Plaza Mayor","description":"Hay un viaje para el que no es necesario preparar, sino parar para desprendernos de lo que nos sobra: del tiempo, del ruido, y oto\u00f1o es su primera estaci\u00f3n.","robots":{"index":"index","follow":"follow","max-snippet":"max-snippet:-1","max-image-preview":"max-image-preview:large","max-video-preview":"max-video-preview:-1"},"canonical":"https:\/\/madrid.hammamalandalus.com\/fr\/eres-otono\/","og_locale":"fr_FR","og_type":"article","og_title":"Vous \u00eates l'automne | Hammam Madrid Plaza Mayor","og_description":"Hay un viaje para el que no es necesario preparar, sino parar para desprendernos de lo que nos sobra: del tiempo, del ruido, y oto\u00f1o es su primera estaci\u00f3n.","og_url":"https:\/\/madrid.hammamalandalus.com\/fr\/eres-otono\/","og_site_name":"Hammam Madrid Plaza Mayor","article_modified_time":"2020-10-06T11:11:39+00:00","twitter_card":"summary_large_image","schema":{"@context":"https:\/\/schema.org","@graph":[{"@type":"WebPage","@id":"https:\/\/madrid.hammamalandalus.com\/fr\/eres-otono\/","url":"https:\/\/madrid.hammamalandalus.com\/fr\/eres-otono\/","name":"Vous \u00eates l'automne | Hammam Madrid Plaza Mayor","isPartOf":{"@id":"https:\/\/madrid.hammamalandalus.com\/fr\/#website"},"primaryImageOfPage":{"@id":"https:\/\/madrid.hammamalandalus.com\/fr\/eres-otono\/#primaryimage"},"image":{"@id":"https:\/\/madrid.hammamalandalus.com\/fr\/eres-otono\/#primaryimage"},"thumbnailUrl":"https:\/\/madrid.hammamalandalus.com\/wp-content\/uploads\/sites\/5\/2025\/09\/HAA_OTONO25_WEB_1920x1135px_emerge-estacional.jpg","datePublished":"2019-08-22T11:36:49+00:00","dateModified":"2020-10-06T11:11:39+00:00","description":"Hay un viaje para el que no es necesario preparar, sino parar para desprendernos de lo que nos sobra: del tiempo, del ruido, y oto\u00f1o es su primera estaci\u00f3n.","breadcrumb":{"@id":"https:\/\/madrid.hammamalandalus.com\/fr\/eres-otono\/#breadcrumb"},"inLanguage":"fr-FR","potentialAction":[{"@type":"ReadAction","target":["https:\/\/madrid.hammamalandalus.com\/fr\/eres-otono\/"]}]},{"@type":"ImageObject","inLanguage":"fr-FR","@id":"https:\/\/madrid.hammamalandalus.com\/fr\/eres-otono\/#primaryimage","url":"https:\/\/madrid.hammamalandalus.com\/wp-content\/uploads\/sites\/5\/2025\/09\/HAA_OTONO25_WEB_1920x1135px_emerge-estacional.jpg","contentUrl":"https:\/\/madrid.hammamalandalus.com\/wp-content\/uploads\/sites\/5\/2025\/09\/HAA_OTONO25_WEB_1920x1135px_emerge-estacional.jpg","width":1920,"height":1135,"caption":"Emerge estacional de oto\u00f1o. Ba\u00f1o \u00e1rabe"},{"@type":"BreadcrumbList","@id":"https:\/\/madrid.hammamalandalus.com\/fr\/eres-otono\/#breadcrumb","itemListElement":[{"@type":"ListItem","position":1,"name":"Portada","item":"https:\/\/madrid.hammamalandalus.com\/fr\/"},{"@type":"ListItem","position":2,"name":"Vous \u00eates l&rsquo;automne"}]},{"@type":"WebSite","@id":"https:\/\/madrid.hammamalandalus.com\/fr\/#website","url":"https:\/\/madrid.hammamalandalus.com\/fr\/","name":"Hammam Madrid","description":"Hammam Al \u00c1ndalus Madrid Plaza Mayor","publisher":{"@id":"https:\/\/madrid.hammamalandalus.com\/fr\/#organization"},"alternateName":"Hammam","potentialAction":[{"@type":"SearchAction","target":{"@type":"EntryPoint","urlTemplate":"https:\/\/madrid.hammamalandalus.com\/fr\/?s={search_term_string}"},"query-input":{"@type":"PropertyValueSpecification","valueRequired":true,"valueName":"search_term_string"}}],"inLanguage":"fr-FR"},{"@type":"Organization","@id":"https:\/\/madrid.hammamalandalus.com\/fr\/#organization","name":"Hammam Madrid","alternateName":"Hammam","url":"https:\/\/madrid.hammamalandalus.com\/fr\/","logo":{"@type":"ImageObject","inLanguage":"fr-FR","@id":"https:\/\/madrid.hammamalandalus.com\/fr\/#\/schema\/logo\/image\/","url":"https:\/\/madrid.hammamalandalus.com\/wp-content\/uploads\/sites\/5\/2019\/08\/hammam-al-andalus.png","contentUrl":"https:\/\/madrid.hammamalandalus.com\/wp-content\/uploads\/sites\/5\/2019\/08\/hammam-al-andalus.png","width":79,"height":79,"caption":"Hammam Madrid"},"image":{"@id":"https:\/\/madrid.hammamalandalus.com\/fr\/#\/schema\/logo\/image\/"}}]}},"publishpress_future_action":{"enabled":false,"date":"2026-05-16 17:12:41","action":"change-status","newStatus":"draft","terms":[],"taxonomy":"translation_priority","extraData":[]},"publishpress_future_workflow_manual_trigger":{"enabledWorkflows":[]},"_links":{"self":[{"href":"https:\/\/madrid.hammamalandalus.com\/fr\/wp-json\/wp\/v2\/pages\/1281","targetHints":{"allow":["GET"]}}],"collection":[{"href":"https:\/\/madrid.hammamalandalus.com\/fr\/wp-json\/wp\/v2\/pages"}],"about":[{"href":"https:\/\/madrid.hammamalandalus.com\/fr\/wp-json\/wp\/v2\/types\/page"}],"author":[{"embeddable":true,"href":"https:\/\/madrid.hammamalandalus.com\/fr\/wp-json\/wp\/v2\/users\/1"}],"replies":[{"embeddable":true,"href":"https:\/\/madrid.hammamalandalus.com\/fr\/wp-json\/wp\/v2\/comments?post=1281"}],"version-history":[{"count":6,"href":"https:\/\/madrid.hammamalandalus.com\/fr\/wp-json\/wp\/v2\/pages\/1281\/revisions"}],"predecessor-version":[{"id":5360,"href":"https:\/\/madrid.hammamalandalus.com\/fr\/wp-json\/wp\/v2\/pages\/1281\/revisions\/5360"}],"wp:featuredmedia":[{"embeddable":true,"href":"https:\/\/madrid.hammamalandalus.com\/fr\/wp-json\/wp\/v2\/media\/13251"}],"wp:attachment":[{"href":"https:\/\/madrid.hammamalandalus.com\/fr\/wp-json\/wp\/v2\/media?parent=1281"}],"curies":[{"name":"wp","href":"https:\/\/api.w.org\/{rel}","templated":true}]}}